{"id":94,"date":"2024-02-06T17:15:02","date_gmt":"2024-02-06T16:15:02","guid":{"rendered":"https:\/\/www.lola.com.hr\/?page_id=94"},"modified":"2024-03-04T20:46:06","modified_gmt":"2024-03-04T19:46:06","slug":"dobrodosli-u-apartman-lola-deutsch","status":"publish","type":"page","link":"https:\/\/www.lola.com.hr\/?page_id=94&lang=de","title":{"rendered":"Willkommen im Apartment Lola"},"content":{"rendered":"\n<p> &#8211; Ihre Komfortoase im Herzen von Vinkovci!<\/p>\n\n\n\n<p>Auf der vierten Etage mit einem atemberaubenden Blick auf die Stadt bietet das Apartment Lola einen angenehmen Aufenthalt f\u00fcr 3+1 Personen. Sorgf\u00e4ltig ausgew\u00e4hlt, garantiert unsere Wohnung eine perfekte Mischung aus Komfort und Bequemlichkeit w\u00e4hrend Ihres Besuchs. Wir bieten alles, was Sie f\u00fcr Entspannung ben\u00f6tigen, egal ob Sie gesch\u00e4ftlich unterwegs sind oder einfach nur die Sehensw\u00fcrdigkeiten von Vinkovci erkunden m\u00f6chten.<\/p>\n\n\n\n<p>Genie\u00dfen Sie modernes Dekor, gem\u00fctliche R\u00e4ume und reichlich nat\u00fcrliches Licht, das unser Apartment durchflutet. Die K\u00fcche ist voll ausgestattet, w\u00e4hrend das ger\u00e4umige Wohnzimmer ideal zum geselligen Beisammensein oder Entspannen nach einem Tag der Stadterkundung ist.<\/p>\n\n\n\n<p>Das Apartment verf\u00fcgt \u00fcber ein ger\u00e4umiges Schlafzimmer, das Privatsph\u00e4re und erholsamen Schlaf w\u00e4hrend Ihres Aufenthalts bietet. F\u00fcr zus\u00e4tzlichen Komfort bieten wir kostenlose Parkpl\u00e4tze vor dem Geb\u00e4ude, um Ihre An- und Abreise zu erleichtern. Obwohl es sich im vierten Stock ohne Aufzug befindet, sind wir \u00fcberzeugt, dass der Aufstieg mit einem herrlichen Aufenthalt belohnt wird.<\/p>\n\n\n\n<p>Mit kostenlosem WLAN und einem Smart-TV mit Netflix bleiben Sie verbunden und k\u00f6nnen Ihre Lieblingsfilme oder Serien nach einem aufregenden Tag in Vinkovci genie\u00dfen.<\/p>\n\n\n\n<p>Als \u00e4lteste durchgehend besiedelte Siedlung Europas bietet Vinkovci eine reiche Geschichte und ein charmantes Ambiente. Nutzen Sie die Gelegenheit, lokale Sehensw\u00fcrdigkeiten, kulturelle Veranstaltungen und authentische Gastronomie zu erkunden, die Vinkovci zu einem ganz besonderen Ort machen.<\/p>\n\n\n\n<p>Besonderer Vorteil f\u00fcr unsere G\u00e4ste: In Zusammenarbeit mit der Taverna Alinea bietet das Apartment Lola einen exklusiven Rabatt von 10% auf Speisen in ihrem Restaurant oder f\u00fcr die Lieferung ins Apartment Lola. G\u00f6nnen Sie sich eine ausgezeichnete Gastronomie, mit dem zus\u00e4tzlichen Vergn\u00fcgen zu wissen, dass Sie als unser Gast einen besonderen Rabatt genie\u00dfen.<\/p>\n\n\n\n<p>Willkommen im Apartment Lola, wo Komfort auf Tradition trifft und ein unvergessliches Erlebnis im Herzen von Vinkovci entsteht!<\/p>\n","protected":false},"excerpt":{"rendered":"<p>&#8211; Ihre Komfortoase im Herzen von Vinkovci! Auf der vierten Etage mit einem atemberaubenden Blick auf die Stadt bietet das Apartment Lola einen angenehmen Aufenthalt f\u00fcr 3+1 Personen. Sorgf\u00e4ltig ausgew\u00e4hlt, garantiert unsere Wohnung eine perfekte Mischung aus Komfort und Bequemlichkeit w\u00e4hrend Ihres Besuchs. Wir bieten alles, was Sie f\u00fcr Entspannung ben\u00f6tigen, egal ob Sie gesch\u00e4ftlich &hellip; <\/p>\n<p class=\"link-more\"><a href=\"https:\/\/www.lola.com.hr\/?page_id=94&#038;lang=de\" class=\"more-link\">Nastavi \u010ditati<span class=\"screen-reader-text\"> &#8220;Willkommen im Apartment Lola&#8221;<\/span><\/a><\/p>\n","protected":false},"author":1,"featured_media":0,"parent":0,"menu_order":0,"comment_status":"closed","ping_status":"closed","template":"","meta":{"_joinchat":[],"footnotes":""},"class_list":["post-94","page","type-page","status-publish","hentry"],"_links":{"self":[{"href":"https:\/\/www.lola.com.hr\/index.php?rest_route=\/wp\/v2\/pages\/94","targetHints":{"allow":["GET"]}}],"collection":[{"href":"https:\/\/www.lola.com.hr\/index.php?rest_route=\/wp\/v2\/pages"}],"about":[{"href":"https:\/\/www.lola.com.hr\/index.php?rest_route=\/wp\/v2\/types\/page"}],"author":[{"embeddable":true,"href":"https:\/\/www.lola.com.hr\/index.php?rest_route=\/wp\/v2\/users\/1"}],"replies":[{"embeddable":true,"href":"https:\/\/www.lola.com.hr\/index.php?rest_route=%2Fwp%2Fv2%2Fcomments&post=94"}],"version-history":[{"count":3,"href":"https:\/\/www.lola.com.hr\/index.php?rest_route=\/wp\/v2\/pages\/94\/revisions"}],"predecessor-version":[{"id":225,"href":"https:\/\/www.lola.com.hr\/index.php?rest_route=\/wp\/v2\/pages\/94\/revisions\/225"}],"wp:attachment":[{"href":"https:\/\/www.lola.com.hr\/index.php?rest_route=%2Fwp%2Fv2%2Fmedia&parent=94"}],"curies":[{"name":"wp","href":"https:\/\/api.w.org\/{rel}","templated":true}]}}