{"id":9,"date":"2024-01-31T13:38:23","date_gmt":"2024-01-31T12:38:23","guid":{"rendered":"https:\/\/www.lola.com.hr\/?page_id=9"},"modified":"2024-03-04T20:43:56","modified_gmt":"2024-03-04T19:43:56","slug":"pocetna-stranica","status":"publish","type":"page","link":"https:\/\/www.lola.com.hr\/","title":{"rendered":"Dobrodo\u0161li u Apartman Lola"},"content":{"rendered":"\n<p> &#8211; Va\u0161u oazu udobnosti u srcu Vinkovaca!<\/p>\n\n\n\n<p>Smje\u0161ten na 4. katu s prekrasnim pogledom na grad, Apartman Lola pru\u017ea ugodan boravak za 3+1 osobe. Na\u0161 apartman je pa\u017eljivo opremljen kako bi vam osigurao savr\u0161en spoj udobnosti i prakti\u010dnosti tijekom va\u0161eg boravka. Imamo sve \u0161to vam je potrebno za opu\u0161tanje, bilo da ste u posjeti poslovno ili iz \u010diste radosti istra\u017eivanja Vinkovaca.<\/p>\n\n\n\n<p>U\u017eivajte u modernom ure\u0111enju, udobnom prostoru i svjetlo\u0161\u0107u koja obasjava na\u0161 apartman. Kuhinja je potpuno opremljena, a prostrani dnevni boravak idealan je za dru\u017eenje ili opu\u0161tanje nakon istra\u017eivanja grada.<\/p>\n\n\n\n<p>Apartman ima jednu prostranu spava\u0107u sobu, pru\u017eaju\u0107i vam privatnost i miran san tijekom va\u0161eg boravka. Za dodatnu pogodnost, nudimo besplatan parking ispred zgrade, olak\u0161avaju\u0107i vam dolazak i odlazak. Iako se apartman nalazi na 4. katu bez dizala, vjerujemo da \u0107e te\u017eina stepenica biti nagra\u0111ena prekrasnim iskustvom boravka.<\/p>\n\n\n\n<p>Uz besplatan WiFi i Smart TV s Netflixom, mo\u017eete ostati povezani i u\u017eivati u omiljenim filmovima ili serijama nakon uzbudljivog dana istra\u017eivanja Vinkovaca.<\/p>\n\n\n\n<p>Vinkovci, kao najstarije kontinuirano naseljeno mjesto u Europi, nude bogatu povijest i \u0161armantnu atmosferu. Iskoristite priliku istra\u017eiti lokalne znamenitosti, kulturne doga\u0111aje i autenti\u010dnu gastronomiju koja \u010dini Vinkovce posebnim mjestom.<br><br>Posebna pogodnost za na\u0161e goste: U suradnji s Tavernom Alinea, Apartman Lola vam pru\u017ea ekskluzivni popust od 10% na hranu u njihovom restoranu ili prilikom dostave u Apartman Lola. Prepustite se u\u017eivanju u izvrsnoj gastronomiji, uz dodatni u\u017eitak znaju\u0107i da u\u017eivate u posebnom popustu kao na\u0161 gost.<\/p>\n\n\n\n<p>Dobrodo\u0161li u Apartman Lola, gdje se udobnost susre\u0107e s tradicijom, stvaraju\u0107i nezaboravan do\u017eivljaj u srcu Vinkovaca!<\/p>\n","protected":false},"excerpt":{"rendered":"<p>&#8211; Va\u0161u oazu udobnosti u srcu Vinkovaca! Smje\u0161ten na 4. katu s prekrasnim pogledom na grad, Apartman Lola pru\u017ea ugodan boravak za 3+1 osobe. Na\u0161 apartman je pa\u017eljivo opremljen kako bi vam osigurao savr\u0161en spoj udobnosti i prakti\u010dnosti tijekom va\u0161eg boravka. Imamo sve \u0161to vam je potrebno za opu\u0161tanje, bilo da ste u posjeti poslovno &hellip; <\/p>\n<p class=\"link-more\"><a href=\"https:\/\/www.lola.com.hr\/\" class=\"more-link\">Nastavi \u010ditati<span class=\"screen-reader-text\"> &#8220;Dobrodo\u0161li u Apartman Lola&#8221;<\/span><\/a><\/p>\n","protected":false},"author":1,"featured_media":0,"parent":0,"menu_order":0,"comment_status":"closed","ping_status":"closed","template":"","meta":{"_joinchat":[],"footnotes":""},"class_list":["post-9","page","type-page","status-publish","hentry"],"_links":{"self":[{"href":"https:\/\/www.lola.com.hr\/index.php?rest_route=\/wp\/v2\/pages\/9","targetHints":{"allow":["GET"]}}],"collection":[{"href":"https:\/\/www.lola.com.hr\/index.php?rest_route=\/wp\/v2\/pages"}],"about":[{"href":"https:\/\/www.lola.com.hr\/index.php?rest_route=\/wp\/v2\/types\/page"}],"author":[{"embeddable":true,"href":"https:\/\/www.lola.com.hr\/index.php?rest_route=\/wp\/v2\/users\/1"}],"replies":[{"embeddable":true,"href":"https:\/\/www.lola.com.hr\/index.php?rest_route=%2Fwp%2Fv2%2Fcomments&post=9"}],"version-history":[{"count":4,"href":"https:\/\/www.lola.com.hr\/index.php?rest_route=\/wp\/v2\/pages\/9\/revisions"}],"predecessor-version":[{"id":223,"href":"https:\/\/www.lola.com.hr\/index.php?rest_route=\/wp\/v2\/pages\/9\/revisions\/223"}],"wp:attachment":[{"href":"https:\/\/www.lola.com.hr\/index.php?rest_route=%2Fwp%2Fv2%2Fmedia&parent=9"}],"curies":[{"name":"wp","href":"https:\/\/api.w.org\/{rel}","templated":true}]}}