{"id":217,"date":"2024-02-09T11:47:56","date_gmt":"2024-02-09T10:47:56","guid":{"rendered":"https:\/\/www.lola.com.hr\/?page_id=217"},"modified":"2024-02-09T11:49:29","modified_gmt":"2024-02-09T10:49:29","slug":"foto","status":"publish","type":"page","link":"https:\/\/www.lola.com.hr\/?page_id=217&lang=de","title":{"rendered":"Foto"},"content":{"rendered":"\n<p>Werfen Sie einen Blick in unsere Fotogalerie, um einen Eindruck von der Sch\u00f6nheit unserer Unterkunft zu bekommen. Jedes Bild erz\u00e4hlt eine Geschichte von Komfort, W\u00e4rme und der besonderen Atmosph\u00e4re, die das Apartment Lola bietet.<\/p>\n\n\n\n<p>Buchen Sie Ihren Aufenthalt und erleben Sie einen unvergesslichen Aufenthalt in unserem Apartment. Wir erwarten Sie mit einem L\u00e4cheln und sind bereit, Ihren Aufenthalt besonders zu gestalten.<\/p>\n\n\n\n<p>Willkommen in Ihrem Zuhause fernab von Zuhause!<\/p>\n\n\n<div ><style id=\"wp_carousel_dynamic_css82\">#sp-wp-carousel-free-id-82.sp-wpcp-82 .wpcp-single-item {border: 1px solid #dddddd;}#sp-wp-carousel-free-id-82.sp-wpcp-82 .swiper-button-prev,#sp-wp-carousel-free-id-82.sp-wpcp-82 .swiper-button-next,#sp-wp-carousel-free-id-82.sp-wpcp-82 .swiper-button-prev:hover,#sp-wp-carousel-free-id-82.sp-wpcp-82 .swiper-button-next:hover {background: none;border: none;font-size: 30px;}#sp-wp-carousel-free-id-82.sp-wpcp-82 .swiper-button-prev i,#sp-wp-carousel-free-id-82.sp-wpcp-82 .swiper-button-next i {color: #aaa;}#sp-wp-carousel-free-id-82.sp-wpcp-82 .swiper-button-prev i:hover,#sp-wp-carousel-free-id-82.sp-wpcp-82 .swiper-button-next i:hover {color: #178087;}#sp-wp-carousel-free-id-82.sp-wpcp-82 .wpcp-swiper-dots .swiper-pagination-bullet {background-color: #cccccc;}#sp-wp-carousel-free-id-82.sp-wpcp-82 .wpcp-swiper-dots .swiper-pagination-bullet.swiper-pagination-bullet-active {background-color: #178087;} #sp-wp-carousel-free-id-82.sp-wpcp-82.wpcp-image-carousel .wpcp-single-item:hover img, #sp-wp-carousel-free-id-82.sp-wpcp-82.wpcp-post-carousel .wpcp-single-item:hover img, #sp-wp-carousel-free-id-82.sp-wpcp-82.wpcp-product-carousel .wpcp-single-item:hover img{-webkit-transform: scale(1.2);-moz-transform: scale(1.2);transform: scale(1.2);}#sp-wp-carousel-free-id-82 .wpcpro-row>[class*=\"wpcpro-col-\"] { padding: 0 10px; padding-bottom: 20px;}@media (min-width: 480px) { .wpcpro-row .wpcpro-col-sm-1 { flex: 0 0 100%; max-width: 100%; } .wpcpro-row .wpcpro-col-sm-2 { flex: 0 0 50%; max-width: 50%; } .wpcpro-row .wpcpro-col-sm-2-5 { flex: 0 0 75%; max-width: 75%; } .wpcpro-row .wpcpro-col-sm-3 { flex: 0 0 33.333%; max-width: 33.333%; } .wpcpro-row .wpcpro-col-sm-4 { flex: 0 0 25%; max-width: 25%; } .wpcpro-row .wpcpro-col-sm-5 { flex: 0 0 20%; max-width: 20%; } .wpcpro-row .wpcpro-col-sm-6 { flex: 0 0 16.66666666666667%; max-width: 16.66666666666667%; } .wpcpro-row .wpcpro-col-sm-7 { flex: 0 0 14.28571428%; max-width: 14.28571428%; } .wpcpro-row .wpcpro-col-sm-8 { flex: 0 0 12.5%; max-width: 12.5%; } } @media (max-width: 480px) { .wpcpro-row .wpcpro-col-xs-1 { flex: 0 0 100%; max-width: 100%; } .wpcpro-row .wpcpro-col-xs-2 { flex: 0 0 50%; max-width: 50%; } .wpcpro-row .wpcpro-col-xs-3 { flex: 0 0 33.222%; max-width: 33.222%; } .wpcpro-row .wpcpro-col-xs-4 { flex: 0 0 25%; max-width: 25%; } .wpcpro-row .wpcpro-col-xs-5 { flex: 0 0 20%; max-width: 20%; } .wpcpro-row .wpcpro-col-xs-6 { flex: 0 0 16.6667%; max-width: 16.6667%; } .wpcpro-row .wpcpro-col-xs-7 { flex: 0 0 14.28571428%; max-width: 14.28571428%; } .wpcpro-row .wpcpro-col-xs-8 { flex: 0 0 12.5%; max-width: 12.5%; } } @media (min-width: 736px) { .wpcpro-row .wpcpro-col-md-1 { flex: 0 0 100%; max-width: 100%; } .wpcpro-row .wpcpro-col-md-2 { flex: 0 0 50%; max-width: 50%; } .wpcpro-row .wpcpro-col-md-2-5 { flex: 0 0 75%; max-width: 75%; } .wpcpro-row .wpcpro-col-md-3 { flex: 0 0 33.333%; max-width: 33.333%; } .wpcpro-row .wpcpro-col-md-4 { flex: 0 0 25%; max-width: 25%; } .wpcpro-row .wpcpro-col-md-5 { flex: 0 0 20%; max-width: 20%; } .wpcpro-row .wpcpro-col-md-6 { flex: 0 0 16.66666666666667%; max-width: 16.66666666666667%; } .wpcpro-row .wpcpro-col-md-7 { flex: 0 0 14.28571428%; max-width: 14.28571428%; } .wpcpro-row .wpcpro-col-md-8 { flex: 0 0 12.5%; max-width: 12.5%; } } @media (min-width: 980px) { .wpcpro-row .wpcpro-col-lg-1 { flex: 0 0 100%; max-width: 100%; } .wpcpro-row .wpcpro-col-lg-2 { flex: 0 0 50%; max-width: 50%; } .wpcpro-row .wpcpro-col-lg-3 { flex: 0 0 33.222%; max-width: 33.222%; } .wpcpro-row .wpcpro-col-lg-4 { flex: 0 0 25%; max-width: 25%; } .wpcpro-row .wpcpro-col-lg-5 { flex: 0 0 20%; max-width: 20%; } .wpcpro-row .wpcpro-col-lg-6 { flex: 0 0 16.6667%; max-width: 16.6667%; } .wpcpro-row .wpcpro-col-lg-7 { flex: 0 0 14.28571428%; max-width: 14.28571428%; } .wpcpro-row .wpcpro-col-lg-8 { flex: 0 0 12.5%; max-width: 12.5%; } } @media (min-width: 1200px) { .wpcpro-row .wpcpro-col-xl-1 { flex: 0 0 100%; max-width: 100%; } .wpcpro-row .wpcpro-col-xl-2 { flex: 0 0 50%; max-width: 50%; } .wpcpro-row .wpcpro-col-xl-3 { flex: 0 0 33.22222222%; max-width: 33.22222222%; } .wpcpro-row .wpcpro-col-xl-4 { flex: 0 0 25%; max-width: 25%; } .wpcpro-row .wpcpro-col-xl-5 { flex: 0 0 20%; max-width: 20%; } .wpcpro-row .wpcpro-col-xl-6 { flex: 0 0 16.66667%; max-width: 16.66667%; } .wpcpro-row .wpcpro-col-xl-7 { flex: 0 0 14.28571428%; max-width: 14.28571428%; } .wpcpro-row .wpcpro-col-xl-8 { flex: 0 0 12.5%; max-width: 12.5%; } }<\/style><div class=\"wpcp-carousel-wrapper wpcp-wrapper-82\">\n\t<div id=\"wpcp-preloader-82\" class=\"wpcp-carousel-preloader\"><img decoding=\"async\" src=\"https:\/\/www.lola.com.hr\/wp-content\/plugins\/wp-carousel-free\/public\/css\/spinner.svg\" alt=\"Preloader Image\" \/><\/div>\t<div id=\"sp-wp-carousel-free-id-82\" class=\"wpcp-carousel-section sp-wpcp-82 wpcp-gallery-wrapper wpcp-image-carousel wpcp-preloader\" >\n\t\t<div class=\"wpcpro-row\">\n\t\t\t<div class=\"wpcpro-col-xs-1 wpcpro-col-sm-2  wpcpro-col-md-3 wpcpro-col-lg-4 wpcpro-col-xl-5\">\n\t<div class=\"wpcp-single-item\">\n\t\t\t<a class=\"wcp-light-box\" data-buttons='[\"close\"]' data-wpc_url='https:\/\/www.lola.com.hr\/wp-content\/uploads\/2024\/01\/LolaCB.png' href=\"https:\/\/www.lola.com.hr\/wp-content\/uploads\/2024\/01\/LolaCB.png\" data-fancybox=\"wpcp_view\">\n\t\t<figure>\n\t\t\t<img loading=\"lazy\" decoding=\"async\" class=\"skip-lazy\" src=\"https:\/\/www.lola.com.hr\/wp-content\/uploads\/2024\/01\/LolaCB.png\" alt=\"Apartman Lola Vinkovci\" width=\"600\" height=\"603\">\t\t<\/figure>\n\t<\/a>\n\t\t<\/div>\n<\/div>\n\t<div class=\"wpcpro-col-xs-1 wpcpro-col-sm-2  wpcpro-col-md-3 wpcpro-col-lg-4 wpcpro-col-xl-5\">\n\t<div class=\"wpcp-single-item\">\n\t\t\t<a class=\"wcp-light-box\" data-buttons='[\"close\"]' data-wpc_url='https:\/\/www.lola.com.hr\/wp-content\/uploads\/2024\/02\/IMG_5188-1536x1152.jpg' href=\"https:\/\/www.lola.com.hr\/wp-content\/uploads\/2024\/02\/IMG_5188-1536x1152.jpg\" data-fancybox=\"wpcp_view\">\n\t\t<figure>\n\t\t\t<img loading=\"lazy\" decoding=\"async\" class=\"skip-lazy\" src=\"https:\/\/www.lola.com.hr\/wp-content\/uploads\/2024\/02\/IMG_5188-1536x1152.jpg\" alt=\"Apartman Lola Vinkovci\" width=\"1536\" height=\"1152\">\t\t<\/figure>\n\t<\/a>\n\t\t<\/div>\n<\/div>\n\t<div class=\"wpcpro-col-xs-1 wpcpro-col-sm-2  wpcpro-col-md-3 wpcpro-col-lg-4 wpcpro-col-xl-5\">\n\t<div class=\"wpcp-single-item\">\n\t\t\t<a class=\"wcp-light-box\" data-buttons='[\"close\"]' data-wpc_url='https:\/\/www.lola.com.hr\/wp-content\/uploads\/2024\/02\/cropped-IMG_5170-scaled-1-1536x920.jpg' href=\"https:\/\/www.lola.com.hr\/wp-content\/uploads\/2024\/02\/cropped-IMG_5170-scaled-1-1536x920.jpg\" data-fancybox=\"wpcp_view\">\n\t\t<figure>\n\t\t\t<img loading=\"lazy\" decoding=\"async\" class=\"skip-lazy\" src=\"https:\/\/www.lola.com.hr\/wp-content\/uploads\/2024\/02\/cropped-IMG_5170-scaled-1-1536x920.jpg\" alt=\"cropped-IMG_5170-scaled-1.jpg\" width=\"1536\" height=\"920\">\t\t<\/figure>\n\t<\/a>\n\t\t<\/div>\n<\/div>\n\t<div class=\"wpcpro-col-xs-1 wpcpro-col-sm-2  wpcpro-col-md-3 wpcpro-col-lg-4 wpcpro-col-xl-5\">\n\t<div class=\"wpcp-single-item\">\n\t\t\t<a class=\"wcp-light-box\" data-buttons='[\"close\"]' data-wpc_url='https:\/\/www.lola.com.hr\/wp-content\/uploads\/2024\/02\/IMG_5171-1536x1152.jpg' href=\"https:\/\/www.lola.com.hr\/wp-content\/uploads\/2024\/02\/IMG_5171-1536x1152.jpg\" data-fancybox=\"wpcp_view\">\n\t\t<figure>\n\t\t\t<img loading=\"lazy\" decoding=\"async\" class=\"skip-lazy\" src=\"https:\/\/www.lola.com.hr\/wp-content\/uploads\/2024\/02\/IMG_5171-1536x1152.jpg\" alt=\"Apartman Lola Vinkovci\" width=\"1536\" height=\"1152\">\t\t<\/figure>\n\t<\/a>\n\t\t<\/div>\n<\/div>\n\t<div class=\"wpcpro-col-xs-1 wpcpro-col-sm-2  wpcpro-col-md-3 wpcpro-col-lg-4 wpcpro-col-xl-5\">\n\t<div class=\"wpcp-single-item\">\n\t\t\t<a class=\"wcp-light-box\" data-buttons='[\"close\"]' data-wpc_url='https:\/\/www.lola.com.hr\/wp-content\/uploads\/2024\/02\/IMG_5238-1536x1152.jpg' href=\"https:\/\/www.lola.com.hr\/wp-content\/uploads\/2024\/02\/IMG_5238-1536x1152.jpg\" data-fancybox=\"wpcp_view\">\n\t\t<figure>\n\t\t\t<img loading=\"lazy\" decoding=\"async\" class=\"skip-lazy\" src=\"https:\/\/www.lola.com.hr\/wp-content\/uploads\/2024\/02\/IMG_5238-1536x1152.jpg\" alt=\"Apartman Lola Vinkovci\" width=\"1536\" height=\"1152\">\t\t<\/figure>\n\t<\/a>\n\t\t<\/div>\n<\/div>\n\t<div class=\"wpcpro-col-xs-1 wpcpro-col-sm-2  wpcpro-col-md-3 wpcpro-col-lg-4 wpcpro-col-xl-5\">\n\t<div class=\"wpcp-single-item\">\n\t\t\t<a class=\"wcp-light-box\" data-buttons='[\"close\"]' data-wpc_url='https:\/\/www.lola.com.hr\/wp-content\/uploads\/2024\/02\/IMG_5165-1536x1152.jpg' href=\"https:\/\/www.lola.com.hr\/wp-content\/uploads\/2024\/02\/IMG_5165-1536x1152.jpg\" data-fancybox=\"wpcp_view\">\n\t\t<figure>\n\t\t\t<img loading=\"lazy\" decoding=\"async\" class=\"skip-lazy\" src=\"https:\/\/www.lola.com.hr\/wp-content\/uploads\/2024\/02\/IMG_5165-1536x1152.jpg\" alt=\"Apartman Lola Vinkovci\" width=\"1536\" height=\"1152\">\t\t<\/figure>\n\t<\/a>\n\t\t<\/div>\n<\/div>\n\t<div class=\"wpcpro-col-xs-1 wpcpro-col-sm-2  wpcpro-col-md-3 wpcpro-col-lg-4 wpcpro-col-xl-5\">\n\t<div class=\"wpcp-single-item\">\n\t\t\t<a class=\"wcp-light-box\" data-buttons='[\"close\"]' data-wpc_url='https:\/\/www.lola.com.hr\/wp-content\/uploads\/2024\/02\/IMG_5169-1536x1152.jpg' href=\"https:\/\/www.lola.com.hr\/wp-content\/uploads\/2024\/02\/IMG_5169-1536x1152.jpg\" data-fancybox=\"wpcp_view\">\n\t\t<figure>\n\t\t\t<img loading=\"lazy\" decoding=\"async\" class=\"skip-lazy\" src=\"https:\/\/www.lola.com.hr\/wp-content\/uploads\/2024\/02\/IMG_5169-1536x1152.jpg\" alt=\"Apartman Lola Vinkovci\" width=\"1536\" height=\"1152\">\t\t<\/figure>\n\t<\/a>\n\t\t<\/div>\n<\/div>\n\t<div class=\"wpcpro-col-xs-1 wpcpro-col-sm-2  wpcpro-col-md-3 wpcpro-col-lg-4 wpcpro-col-xl-5\">\n\t<div class=\"wpcp-single-item\">\n\t\t\t<a class=\"wcp-light-box\" data-buttons='[\"close\"]' data-wpc_url='https:\/\/www.lola.com.hr\/wp-content\/uploads\/2024\/02\/IMG_5194-1536x1152.jpg' href=\"https:\/\/www.lola.com.hr\/wp-content\/uploads\/2024\/02\/IMG_5194-1536x1152.jpg\" data-fancybox=\"wpcp_view\">\n\t\t<figure>\n\t\t\t<img loading=\"lazy\" decoding=\"async\" class=\"skip-lazy\" src=\"https:\/\/www.lola.com.hr\/wp-content\/uploads\/2024\/02\/IMG_5194-1536x1152.jpg\" alt=\"Apartman Lola Vinkovci\" width=\"1536\" height=\"1152\">\t\t<\/figure>\n\t<\/a>\n\t\t<\/div>\n<\/div>\n\t<div class=\"wpcpro-col-xs-1 wpcpro-col-sm-2  wpcpro-col-md-3 wpcpro-col-lg-4 wpcpro-col-xl-5\">\n\t<div class=\"wpcp-single-item\">\n\t\t\t<a class=\"wcp-light-box\" data-buttons='[\"close\"]' data-wpc_url='https:\/\/www.lola.com.hr\/wp-content\/uploads\/2024\/02\/IMG_5203-1152x1536.jpg' href=\"https:\/\/www.lola.com.hr\/wp-content\/uploads\/2024\/02\/IMG_5203-1152x1536.jpg\" data-fancybox=\"wpcp_view\">\n\t\t<figure>\n\t\t\t<img loading=\"lazy\" decoding=\"async\" class=\"skip-lazy\" src=\"https:\/\/www.lola.com.hr\/wp-content\/uploads\/2024\/02\/IMG_5203-1152x1536.jpg\" alt=\"Apartman Lola Vinkovci\" width=\"1152\" height=\"1536\">\t\t<\/figure>\n\t<\/a>\n\t\t<\/div>\n<\/div>\n\t<div class=\"wpcpro-col-xs-1 wpcpro-col-sm-2  wpcpro-col-md-3 wpcpro-col-lg-4 wpcpro-col-xl-5\">\n\t<div class=\"wpcp-single-item\">\n\t\t\t<a class=\"wcp-light-box\" data-buttons='[\"close\"]' data-wpc_url='https:\/\/www.lola.com.hr\/wp-content\/uploads\/2024\/02\/IMG_5208-1152x1536.jpg' href=\"https:\/\/www.lola.com.hr\/wp-content\/uploads\/2024\/02\/IMG_5208-1152x1536.jpg\" data-fancybox=\"wpcp_view\">\n\t\t<figure>\n\t\t\t<img loading=\"lazy\" decoding=\"async\" class=\"skip-lazy\" src=\"https:\/\/www.lola.com.hr\/wp-content\/uploads\/2024\/02\/IMG_5208-1152x1536.jpg\" alt=\"Apartman Lola Vinkovci\" width=\"1152\" height=\"1536\">\t\t<\/figure>\n\t<\/a>\n\t\t<\/div>\n<\/div>\n\t<div class=\"wpcpro-col-xs-1 wpcpro-col-sm-2  wpcpro-col-md-3 wpcpro-col-lg-4 wpcpro-col-xl-5\">\n\t<div class=\"wpcp-single-item\">\n\t\t\t<a class=\"wcp-light-box\" data-buttons='[\"close\"]' data-wpc_url='https:\/\/www.lola.com.hr\/wp-content\/uploads\/2024\/02\/IMG_5271-1152x1536.jpg' href=\"https:\/\/www.lola.com.hr\/wp-content\/uploads\/2024\/02\/IMG_5271-1152x1536.jpg\" data-fancybox=\"wpcp_view\">\n\t\t<figure>\n\t\t\t<img loading=\"lazy\" decoding=\"async\" class=\"skip-lazy\" src=\"https:\/\/www.lola.com.hr\/wp-content\/uploads\/2024\/02\/IMG_5271-1152x1536.jpg\" alt=\"Apartman Lola Vinkovci\" width=\"1152\" height=\"1536\">\t\t<\/figure>\n\t<\/a>\n\t\t<\/div>\n<\/div>\n\t<div class=\"wpcpro-col-xs-1 wpcpro-col-sm-2  wpcpro-col-md-3 wpcpro-col-lg-4 wpcpro-col-xl-5\">\n\t<div class=\"wpcp-single-item\">\n\t\t\t<a class=\"wcp-light-box\" data-buttons='[\"close\"]' data-wpc_url='https:\/\/www.lola.com.hr\/wp-content\/uploads\/2024\/02\/IMG_5257-1152x1536.jpg' href=\"https:\/\/www.lola.com.hr\/wp-content\/uploads\/2024\/02\/IMG_5257-1152x1536.jpg\" data-fancybox=\"wpcp_view\">\n\t\t<figure>\n\t\t\t<img loading=\"lazy\" decoding=\"async\" class=\"skip-lazy\" src=\"https:\/\/www.lola.com.hr\/wp-content\/uploads\/2024\/02\/IMG_5257-1152x1536.jpg\" alt=\"Apartman Lola Vinkovci\" width=\"1152\" height=\"1536\">\t\t<\/figure>\n\t<\/a>\n\t\t<\/div>\n<\/div>\n\t<div class=\"wpcpro-col-xs-1 wpcpro-col-sm-2  wpcpro-col-md-3 wpcpro-col-lg-4 wpcpro-col-xl-5\">\n\t<div class=\"wpcp-single-item\">\n\t\t\t<a class=\"wcp-light-box\" data-buttons='[\"close\"]' data-wpc_url='https:\/\/www.lola.com.hr\/wp-content\/uploads\/2024\/02\/IMG_5251-1536x1152.jpg' href=\"https:\/\/www.lola.com.hr\/wp-content\/uploads\/2024\/02\/IMG_5251-1536x1152.jpg\" data-fancybox=\"wpcp_view\">\n\t\t<figure>\n\t\t\t<img loading=\"lazy\" decoding=\"async\" class=\"skip-lazy\" src=\"https:\/\/www.lola.com.hr\/wp-content\/uploads\/2024\/02\/IMG_5251-1536x1152.jpg\" alt=\"Apartman Lola Vinkovci\" width=\"1536\" height=\"1152\">\t\t<\/figure>\n\t<\/a>\n\t\t<\/div>\n<\/div>\n\t<div class=\"wpcpro-col-xs-1 wpcpro-col-sm-2  wpcpro-col-md-3 wpcpro-col-lg-4 wpcpro-col-xl-5\">\n\t<div class=\"wpcp-single-item\">\n\t\t\t<a class=\"wcp-light-box\" data-buttons='[\"close\"]' data-wpc_url='https:\/\/www.lola.com.hr\/wp-content\/uploads\/2024\/02\/IMG_5246-1536x1152.jpg' href=\"https:\/\/www.lola.com.hr\/wp-content\/uploads\/2024\/02\/IMG_5246-1536x1152.jpg\" data-fancybox=\"wpcp_view\">\n\t\t<figure>\n\t\t\t<img loading=\"lazy\" decoding=\"async\" class=\"skip-lazy\" src=\"https:\/\/www.lola.com.hr\/wp-content\/uploads\/2024\/02\/IMG_5246-1536x1152.jpg\" alt=\"Apartman Lola Vinkovci\" width=\"1536\" height=\"1152\">\t\t<\/figure>\n\t<\/a>\n\t\t<\/div>\n<\/div>\n\t<div class=\"wpcpro-col-xs-1 wpcpro-col-sm-2  wpcpro-col-md-3 wpcpro-col-lg-4 wpcpro-col-xl-5\">\n\t<div class=\"wpcp-single-item\">\n\t\t\t<a class=\"wcp-light-box\" data-buttons='[\"close\"]' data-wpc_url='https:\/\/www.lola.com.hr\/wp-content\/uploads\/2024\/02\/IMG_5242-1536x1152.jpg' href=\"https:\/\/www.lola.com.hr\/wp-content\/uploads\/2024\/02\/IMG_5242-1536x1152.jpg\" data-fancybox=\"wpcp_view\">\n\t\t<figure>\n\t\t\t<img loading=\"lazy\" decoding=\"async\" class=\"skip-lazy\" src=\"https:\/\/www.lola.com.hr\/wp-content\/uploads\/2024\/02\/IMG_5242-1536x1152.jpg\" alt=\"Apartman Lola Vinkovci\" width=\"1536\" height=\"1152\">\t\t<\/figure>\n\t<\/a>\n\t\t<\/div>\n<\/div>\n\t<div class=\"wpcpro-col-xs-1 wpcpro-col-sm-2  wpcpro-col-md-3 wpcpro-col-lg-4 wpcpro-col-xl-5\">\n\t<div class=\"wpcp-single-item\">\n\t\t\t<a class=\"wcp-light-box\" data-buttons='[\"close\"]' data-wpc_url='https:\/\/www.lola.com.hr\/wp-content\/uploads\/2024\/02\/IMG_5241-1536x1152.jpg' href=\"https:\/\/www.lola.com.hr\/wp-content\/uploads\/2024\/02\/IMG_5241-1536x1152.jpg\" data-fancybox=\"wpcp_view\">\n\t\t<figure>\n\t\t\t<img loading=\"lazy\" decoding=\"async\" class=\"skip-lazy\" src=\"https:\/\/www.lola.com.hr\/wp-content\/uploads\/2024\/02\/IMG_5241-1536x1152.jpg\" alt=\"Apartman Lola Vinkovci\" width=\"1536\" height=\"1152\">\t\t<\/figure>\n\t<\/a>\n\t\t<\/div>\n<\/div>\n\t<div class=\"wpcpro-col-xs-1 wpcpro-col-sm-2  wpcpro-col-md-3 wpcpro-col-lg-4 wpcpro-col-xl-5\">\n\t<div class=\"wpcp-single-item\">\n\t\t\t<a class=\"wcp-light-box\" data-buttons='[\"close\"]' data-wpc_url='https:\/\/www.lola.com.hr\/wp-content\/uploads\/2024\/02\/IMG_5239-1536x1152.jpg' href=\"https:\/\/www.lola.com.hr\/wp-content\/uploads\/2024\/02\/IMG_5239-1536x1152.jpg\" data-fancybox=\"wpcp_view\">\n\t\t<figure>\n\t\t\t<img loading=\"lazy\" decoding=\"async\" class=\"skip-lazy\" src=\"https:\/\/www.lola.com.hr\/wp-content\/uploads\/2024\/02\/IMG_5239-1536x1152.jpg\" alt=\"Apartman Lola Vinkovci\" width=\"1536\" height=\"1152\">\t\t<\/figure>\n\t<\/a>\n\t\t<\/div>\n<\/div>\n\t<div class=\"wpcpro-col-xs-1 wpcpro-col-sm-2  wpcpro-col-md-3 wpcpro-col-lg-4 wpcpro-col-xl-5\">\n\t<div class=\"wpcp-single-item\">\n\t\t\t<a class=\"wcp-light-box\" data-buttons='[\"close\"]' data-wpc_url='https:\/\/www.lola.com.hr\/wp-content\/uploads\/2024\/02\/IMG_5284-1152x1536.jpg' href=\"https:\/\/www.lola.com.hr\/wp-content\/uploads\/2024\/02\/IMG_5284-1152x1536.jpg\" data-fancybox=\"wpcp_view\">\n\t\t<figure>\n\t\t\t<img loading=\"lazy\" decoding=\"async\" class=\"skip-lazy\" src=\"https:\/\/www.lola.com.hr\/wp-content\/uploads\/2024\/02\/IMG_5284-1152x1536.jpg\" alt=\"Apartman Lola Vinkovci\" width=\"1152\" height=\"1536\">\t\t<\/figure>\n\t<\/a>\n\t\t<\/div>\n<\/div>\n\t<div class=\"wpcpro-col-xs-1 wpcpro-col-sm-2  wpcpro-col-md-3 wpcpro-col-lg-4 wpcpro-col-xl-5\">\n\t<div class=\"wpcp-single-item\">\n\t\t\t<a class=\"wcp-light-box\" data-buttons='[\"close\"]' data-wpc_url='https:\/\/www.lola.com.hr\/wp-content\/uploads\/2024\/02\/IMG_5281-1536x1152.jpg' href=\"https:\/\/www.lola.com.hr\/wp-content\/uploads\/2024\/02\/IMG_5281-1536x1152.jpg\" data-fancybox=\"wpcp_view\">\n\t\t<figure>\n\t\t\t<img loading=\"lazy\" decoding=\"async\" class=\"skip-lazy\" src=\"https:\/\/www.lola.com.hr\/wp-content\/uploads\/2024\/02\/IMG_5281-1536x1152.jpg\" alt=\"Apartman Lola Vinkovci\" width=\"1536\" height=\"1152\">\t\t<\/figure>\n\t<\/a>\n\t\t<\/div>\n<\/div>\n\t<div class=\"wpcpro-col-xs-1 wpcpro-col-sm-2  wpcpro-col-md-3 wpcpro-col-lg-4 wpcpro-col-xl-5\">\n\t<div class=\"wpcp-single-item\">\n\t\t\t<a class=\"wcp-light-box\" data-buttons='[\"close\"]' data-wpc_url='https:\/\/www.lola.com.hr\/wp-content\/uploads\/2024\/02\/IMG_5232-1536x1152.jpg' href=\"https:\/\/www.lola.com.hr\/wp-content\/uploads\/2024\/02\/IMG_5232-1536x1152.jpg\" data-fancybox=\"wpcp_view\">\n\t\t<figure>\n\t\t\t<img loading=\"lazy\" decoding=\"async\" class=\"skip-lazy\" src=\"https:\/\/www.lola.com.hr\/wp-content\/uploads\/2024\/02\/IMG_5232-1536x1152.jpg\" alt=\"Apartman Lola Vinkovci\" width=\"1536\" height=\"1152\">\t\t<\/figure>\n\t<\/a>\n\t\t<\/div>\n<\/div>\n\t<div class=\"wpcpro-col-xs-1 wpcpro-col-sm-2  wpcpro-col-md-3 wpcpro-col-lg-4 wpcpro-col-xl-5\">\n\t<div class=\"wpcp-single-item\">\n\t\t\t<a class=\"wcp-light-box\" data-buttons='[\"close\"]' data-wpc_url='https:\/\/www.lola.com.hr\/wp-content\/uploads\/2024\/02\/IMG_5230-1536x1152.jpg' href=\"https:\/\/www.lola.com.hr\/wp-content\/uploads\/2024\/02\/IMG_5230-1536x1152.jpg\" data-fancybox=\"wpcp_view\">\n\t\t<figure>\n\t\t\t<img loading=\"lazy\" decoding=\"async\" class=\"skip-lazy\" src=\"https:\/\/www.lola.com.hr\/wp-content\/uploads\/2024\/02\/IMG_5230-1536x1152.jpg\" alt=\"Apartman Lola Vinkovci\" width=\"1536\" height=\"1152\">\t\t<\/figure>\n\t<\/a>\n\t\t<\/div>\n<\/div>\n\t<div class=\"wpcpro-col-xs-1 wpcpro-col-sm-2  wpcpro-col-md-3 wpcpro-col-lg-4 wpcpro-col-xl-5\">\n\t<div class=\"wpcp-single-item\">\n\t\t\t<a class=\"wcp-light-box\" data-buttons='[\"close\"]' data-wpc_url='https:\/\/www.lola.com.hr\/wp-content\/uploads\/2024\/02\/IMG_5228-1536x1152.jpg' href=\"https:\/\/www.lola.com.hr\/wp-content\/uploads\/2024\/02\/IMG_5228-1536x1152.jpg\" data-fancybox=\"wpcp_view\">\n\t\t<figure>\n\t\t\t<img loading=\"lazy\" decoding=\"async\" class=\"skip-lazy\" src=\"https:\/\/www.lola.com.hr\/wp-content\/uploads\/2024\/02\/IMG_5228-1536x1152.jpg\" alt=\"Apartman Lola Vinkovci\" width=\"1536\" height=\"1152\">\t\t<\/figure>\n\t<\/a>\n\t\t<\/div>\n<\/div>\n\t<div class=\"wpcpro-col-xs-1 wpcpro-col-sm-2  wpcpro-col-md-3 wpcpro-col-lg-4 wpcpro-col-xl-5\">\n\t<div class=\"wpcp-single-item\">\n\t\t\t<a class=\"wcp-light-box\" data-buttons='[\"close\"]' data-wpc_url='https:\/\/www.lola.com.hr\/wp-content\/uploads\/2024\/02\/IMG_5222-1536x1152.jpg' href=\"https:\/\/www.lola.com.hr\/wp-content\/uploads\/2024\/02\/IMG_5222-1536x1152.jpg\" data-fancybox=\"wpcp_view\">\n\t\t<figure>\n\t\t\t<img loading=\"lazy\" decoding=\"async\" class=\"skip-lazy\" src=\"https:\/\/www.lola.com.hr\/wp-content\/uploads\/2024\/02\/IMG_5222-1536x1152.jpg\" alt=\"Apartman Lola Vinkovci\" width=\"1536\" height=\"1152\">\t\t<\/figure>\n\t<\/a>\n\t\t<\/div>\n<\/div>\n\t<div class=\"wpcpro-col-xs-1 wpcpro-col-sm-2  wpcpro-col-md-3 wpcpro-col-lg-4 wpcpro-col-xl-5\">\n\t<div class=\"wpcp-single-item\">\n\t\t\t<a class=\"wcp-light-box\" data-buttons='[\"close\"]' data-wpc_url='https:\/\/www.lola.com.hr\/wp-content\/uploads\/2024\/02\/IMG_5213-1536x1152.jpg' href=\"https:\/\/www.lola.com.hr\/wp-content\/uploads\/2024\/02\/IMG_5213-1536x1152.jpg\" data-fancybox=\"wpcp_view\">\n\t\t<figure>\n\t\t\t<img loading=\"lazy\" decoding=\"async\" class=\"skip-lazy\" src=\"https:\/\/www.lola.com.hr\/wp-content\/uploads\/2024\/02\/IMG_5213-1536x1152.jpg\" alt=\"Apartman Lola Vinkovci\" width=\"1536\" height=\"1152\">\t\t<\/figure>\n\t<\/a>\n\t\t<\/div>\n<\/div>\n\t<div class=\"wpcpro-col-xs-1 wpcpro-col-sm-2  wpcpro-col-md-3 wpcpro-col-lg-4 wpcpro-col-xl-5\">\n\t<div class=\"wpcp-single-item\">\n\t\t\t<a class=\"wcp-light-box\" data-buttons='[\"close\"]' data-wpc_url='https:\/\/www.lola.com.hr\/wp-content\/uploads\/2024\/02\/IMG_5212-1536x1152.jpg' href=\"https:\/\/www.lola.com.hr\/wp-content\/uploads\/2024\/02\/IMG_5212-1536x1152.jpg\" data-fancybox=\"wpcp_view\">\n\t\t<figure>\n\t\t\t<img loading=\"lazy\" decoding=\"async\" class=\"skip-lazy\" src=\"https:\/\/www.lola.com.hr\/wp-content\/uploads\/2024\/02\/IMG_5212-1536x1152.jpg\" alt=\"Apartman Lola Vinkovci\" width=\"1536\" height=\"1152\">\t\t<\/figure>\n\t<\/a>\n\t\t<\/div>\n<\/div>\n\t\t\t<\/div>\n\t<\/div>\n\t<\/div> <!-- \/\/ Carousel Wrapper. -->\n<\/div>","protected":false},"excerpt":{"rendered":"<p>Werfen Sie einen Blick in unsere Fotogalerie, um einen Eindruck von der Sch\u00f6nheit unserer Unterkunft zu bekommen. Jedes Bild erz\u00e4hlt eine Geschichte von Komfort, W\u00e4rme und der besonderen Atmosph\u00e4re, die das Apartment Lola bietet. Buchen Sie Ihren Aufenthalt und erleben Sie einen unvergesslichen Aufenthalt in unserem Apartment. Wir erwarten Sie mit einem L\u00e4cheln und sind &hellip; <\/p>\n<p class=\"link-more\"><a href=\"https:\/\/www.lola.com.hr\/?page_id=217&#038;lang=de\" class=\"more-link\">Nastavi \u010ditati<span class=\"screen-reader-text\"> &#8220;Foto&#8221;<\/span><\/a><\/p>\n","protected":false},"author":1,"featured_media":198,"parent":0,"menu_order":0,"comment_status":"closed","ping_status":"closed","template":"","meta":{"_joinchat":[],"footnotes":""},"class_list":["post-217","page","type-page","status-publish","has-post-thumbnail","hentry"],"_links":{"self":[{"href":"https:\/\/www.lola.com.hr\/index.php?rest_route=\/wp\/v2\/pages\/217","targetHints":{"allow":["GET"]}}],"collection":[{"href":"https:\/\/www.lola.com.hr\/index.php?rest_route=\/wp\/v2\/pages"}],"about":[{"href":"https:\/\/www.lola.com.hr\/index.php?rest_route=\/wp\/v2\/types\/page"}],"author":[{"embeddable":true,"href":"https:\/\/www.lola.com.hr\/index.php?rest_route=\/wp\/v2\/users\/1"}],"replies":[{"embeddable":true,"href":"https:\/\/www.lola.com.hr\/index.php?rest_route=%2Fwp%2Fv2%2Fcomments&post=217"}],"version-history":[{"count":1,"href":"https:\/\/www.lola.com.hr\/index.php?rest_route=\/wp\/v2\/pages\/217\/revisions"}],"predecessor-version":[{"id":219,"href":"https:\/\/www.lola.com.hr\/index.php?rest_route=\/wp\/v2\/pages\/217\/revisions\/219"}],"wp:featuredmedia":[{"embeddable":true,"href":"https:\/\/www.lola.com.hr\/index.php?rest_route=\/wp\/v2\/media\/198"}],"wp:attachment":[{"href":"https:\/\/www.lola.com.hr\/index.php?rest_route=%2Fwp%2Fv2%2Fmedia&parent=217"}],"curies":[{"name":"wp","href":"https:\/\/api.w.org\/{rel}","templated":true}]}}