{"id":124,"date":"2024-02-06T18:33:58","date_gmt":"2024-02-06T17:33:58","guid":{"rendered":"https:\/\/www.lola.com.hr\/?page_id=124"},"modified":"2024-03-18T12:27:04","modified_gmt":"2024-03-18T11:27:04","slug":"kontaktiere-uns","status":"publish","type":"page","link":"https:\/\/www.lola.com.hr\/?page_id=124&lang=de","title":{"rendered":"Kontaktiere uns"},"content":{"rendered":"\n<p>Haben Sie Fragen oder m\u00f6chten Sie Ihren Aufenthalt im Apartment Lola buchen? Kontaktieren Sie uns gerne per E-Mail unter lola@lola.com.hr oder rufen Sie uns unter der Telefonnummer +385 95 611 44 44 an. Sie k\u00f6nnen uns auch direkt \u00fcber den Chat \u00fcber WhatsApp auf unserer Website erreichen. Dar\u00fcber hinaus stehen wir Ihnen auch \u00fcber andere Kommunikationskan\u00e4le wie Viber, Telegram und Messenger zur Verf\u00fcgung. Ihr Komfort steht bei uns an erster Stelle, daher z\u00f6gern Sie nicht, uns f\u00fcr alle erforderlichen Informationen und Unterst\u00fctzung zu kontaktieren.<\/p>\n\n\n\n<div class=\"wp-block-joinchat-button joinchat-button--qr-both has-border-color\" style=\"border-color:#25d366;border-style:solid;border-width:6px;border-radius:30px\"><figure><figcaption>Scan the code<\/figcaption><a class=\"joinchat-button__qr has-border-color\" style=\"border-color:#25d366;border-style:solid;border-width:6px;border-radius:30px\" href=\"#whatsapp\"><\/a><\/figure><a class=\"wp-block-button__link joinchat-button__link has-ffffff-color has-text-color has-background has-border-color\" style=\"border-color:#25d366;border-style:solid;border-width:6px;border-radius:30px;background-color:#25d366\" href=\"#whatsapp\"><span><strong>Open Chat<\/strong><\/span><\/a><\/div>\n","protected":false},"excerpt":{"rendered":"<p>Haben Sie Fragen oder m\u00f6chten Sie Ihren Aufenthalt im Apartment Lola buchen? Kontaktieren Sie uns gerne per E-Mail unter lola@lola.com.hr oder rufen Sie uns unter der Telefonnummer +385 95 611 44 44 an. Sie k\u00f6nnen uns auch direkt \u00fcber den Chat \u00fcber WhatsApp auf unserer Website erreichen. Dar\u00fcber hinaus stehen wir Ihnen auch \u00fcber andere &hellip; <\/p>\n<p class=\"link-more\"><a href=\"https:\/\/www.lola.com.hr\/?page_id=124&#038;lang=de\" class=\"more-link\">Nastavi \u010ditati<span class=\"screen-reader-text\"> &#8220;Kontaktiere uns&#8221;<\/span><\/a><\/p>\n","protected":false},"author":1,"featured_media":0,"parent":0,"menu_order":0,"comment_status":"closed","ping_status":"closed","template":"","meta":{"_joinchat":[],"footnotes":""},"class_list":["post-124","page","type-page","status-publish","hentry"],"_links":{"self":[{"href":"https:\/\/www.lola.com.hr\/index.php?rest_route=\/wp\/v2\/pages\/124","targetHints":{"allow":["GET"]}}],"collection":[{"href":"https:\/\/www.lola.com.hr\/index.php?rest_route=\/wp\/v2\/pages"}],"about":[{"href":"https:\/\/www.lola.com.hr\/index.php?rest_route=\/wp\/v2\/types\/page"}],"author":[{"embeddable":true,"href":"https:\/\/www.lola.com.hr\/index.php?rest_route=\/wp\/v2\/users\/1"}],"replies":[{"embeddable":true,"href":"https:\/\/www.lola.com.hr\/index.php?rest_route=%2Fwp%2Fv2%2Fcomments&post=124"}],"version-history":[{"count":2,"href":"https:\/\/www.lola.com.hr\/index.php?rest_route=\/wp\/v2\/pages\/124\/revisions"}],"predecessor-version":[{"id":228,"href":"https:\/\/www.lola.com.hr\/index.php?rest_route=\/wp\/v2\/pages\/124\/revisions\/228"}],"wp:attachment":[{"href":"https:\/\/www.lola.com.hr\/index.php?rest_route=%2Fwp%2Fv2%2Fmedia&parent=124"}],"curies":[{"name":"wp","href":"https:\/\/api.w.org\/{rel}","templated":true}]}}