{"id":116,"date":"2024-02-06T18:23:37","date_gmt":"2024-02-06T17:23:37","guid":{"rendered":"https:\/\/www.lola.com.hr\/?page_id=116"},"modified":"2024-02-06T18:23:38","modified_gmt":"2024-02-06T17:23:38","slug":"evisitor","status":"publish","type":"page","link":"https:\/\/www.lola.com.hr\/?page_id=116&lang=de","title":{"rendered":"eVisitor"},"content":{"rendered":"\n<p>Gesetzliche Verpflichtungen und Datensammlung f\u00fcr die eVisitor-Registrierung<\/p>\n\n\n\n<p>Willkommen auf der Website des Apartment Lola! Um Ihnen w\u00e4hrend Ihres Aufenthalts bei uns das bestm\u00f6gliche Erlebnis zu bieten, m\u00f6chten wir Sie \u00fcber die gesetzlichen Verpflichtungen und Verfahren zur Datensammlung im Zusammenhang mit der eVisitor-Registrierung informieren.<\/p>\n\n\n\n<p>Gesetzlicher Kontext:<br>Gem\u00e4\u00df der Gesetzgebung der Republik Kroatien sind alle G\u00e4ste, die in touristischen Unterk\u00fcnften \u00fcbernachten, verpflichtet, sich \u00fcber das eVisitor-System zu registrieren. Diese gesetzliche Ma\u00dfnahme erm\u00f6glicht Transparenz und die Erfassung der Aufenthalte von G\u00e4sten und tr\u00e4gt zur Sicherheit und zum Schutz der Interessen aller Teilnehmer am touristischen Verkehr bei.<\/p>\n\n\n\n<p>Datensammlung:<br>Um unsere gesetzlichen Verpflichtungen zu erf\u00fcllen, geben Sie uns bitte bestimmte Informationen zur eVisitor-Registrierung. Diese Informationen umfassen personenbezogene Daten wie Namen, Nachnamen, Geburtsdatum, Wohnadresse und Pass- oder Personalausweisnummer. Ihre Daten werden gem\u00e4\u00df den geltenden Datenschutzbestimmungen verarbeitet.<\/p>\n\n\n\n<p>Gr\u00fcnde f\u00fcr die Datensammlung:<br>Die Erfassung der oben genannten Daten ist erforderlich, um den gesetzlichen Verpflichtungen im Rahmen des eVisitor-Systems nachzukommen. Dar\u00fcber hinaus helfen uns diese Informationen, die Qualit\u00e4t unserer Dienstleistungen zu verbessern und sie an Ihre Vorlieben anzupassen, um einen angenehmen Aufenthalt im Apartment Lola zu gew\u00e4hrleisten.<\/p>\n\n\n\n<p>Datensicherheit:<br>Ihre Daten sind uns sehr wichtig, daher werden wir alle notwendigen Schritte unternehmen, um ihre Sicherheit zu gew\u00e4hrleisten. Nur autorisiertes Personal hat Zugriff auf Ihre Daten, und sie werden gem\u00e4\u00df rechtlichen und ethischen Standards gespeichert.<\/p>\n\n\n\n<p>Vielen Dank f\u00fcr Ihre Zusammenarbeit und Ihr Verst\u00e4ndnis. Wenn Sie weitere Fragen oder Bedenken haben, k\u00f6nnen Sie sich gerne an uns wenden. Wir w\u00fcnschen Ihnen einen angenehmen Aufenthalt im Apartment Lola!<\/p>\n","protected":false},"excerpt":{"rendered":"<p>Gesetzliche Verpflichtungen und Datensammlung f\u00fcr die eVisitor-Registrierung Willkommen auf der Website des Apartment Lola! Um Ihnen w\u00e4hrend Ihres Aufenthalts bei uns das bestm\u00f6gliche Erlebnis zu bieten, m\u00f6chten wir Sie \u00fcber die gesetzlichen Verpflichtungen und Verfahren zur Datensammlung im Zusammenhang mit der eVisitor-Registrierung informieren. Gesetzlicher Kontext:Gem\u00e4\u00df der Gesetzgebung der Republik Kroatien sind alle G\u00e4ste, die in &hellip; <\/p>\n<p class=\"link-more\"><a href=\"https:\/\/www.lola.com.hr\/?page_id=116&#038;lang=de\" class=\"more-link\">Nastavi \u010ditati<span class=\"screen-reader-text\"> &#8220;eVisitor&#8221;<\/span><\/a><\/p>\n","protected":false},"author":1,"featured_media":0,"parent":0,"menu_order":0,"comment_status":"closed","ping_status":"closed","template":"","meta":{"_joinchat":[],"footnotes":""},"class_list":["post-116","page","type-page","status-publish","hentry"],"_links":{"self":[{"href":"https:\/\/www.lola.com.hr\/index.php?rest_route=\/wp\/v2\/pages\/116","targetHints":{"allow":["GET"]}}],"collection":[{"href":"https:\/\/www.lola.com.hr\/index.php?rest_route=\/wp\/v2\/pages"}],"about":[{"href":"https:\/\/www.lola.com.hr\/index.php?rest_route=\/wp\/v2\/types\/page"}],"author":[{"embeddable":true,"href":"https:\/\/www.lola.com.hr\/index.php?rest_route=\/wp\/v2\/users\/1"}],"replies":[{"embeddable":true,"href":"https:\/\/www.lola.com.hr\/index.php?rest_route=%2Fwp%2Fv2%2Fcomments&post=116"}],"version-history":[{"count":1,"href":"https:\/\/www.lola.com.hr\/index.php?rest_route=\/wp\/v2\/pages\/116\/revisions"}],"predecessor-version":[{"id":118,"href":"https:\/\/www.lola.com.hr\/index.php?rest_route=\/wp\/v2\/pages\/116\/revisions\/118"}],"wp:attachment":[{"href":"https:\/\/www.lola.com.hr\/index.php?rest_route=%2Fwp%2Fv2%2Fmedia&parent=116"}],"curies":[{"name":"wp","href":"https:\/\/api.w.org\/{rel}","templated":true}]}}