{"id":11,"date":"2024-01-31T13:38:24","date_gmt":"2024-01-31T12:38:24","guid":{"rendered":"https:\/\/www.lola.com.hr\/?page_id=11"},"modified":"2024-03-18T12:26:06","modified_gmt":"2024-03-18T11:26:06","slug":"kontakt","status":"publish","type":"page","link":"https:\/\/www.lola.com.hr\/?page_id=11","title":{"rendered":"Kontakt"},"content":{"rendered":"\n<p>Kontaktirajte nas<\/p>\n\n\n\n<p>Imate pitanja ili \u017eelite rezervirati svoj boravak u Apartmanu Lola? Slobodno nas kontaktirajte putem e-maila na <a>lola@lola.com.hr<\/a> ili nas nazovite na broj telefona +385 95 611 44 44. Tako\u0111er, mo\u017eete nas direktno kontaktirati putem chata preko WhatsAppa na na\u0161oj web stranici. Osim toga, dostupni smo i putem ostalih oblika komunikacije poput Vibera, Telegrama i Messengera. Va\u0161a udobnost je na\u0161 prioritet, stoga nas slobodno kontaktirajte kako bismo vam pru\u017eili sve potrebne informacije i podr\u0161ku.<\/p>\n\n\n\n<div class=\"wp-block-joinchat-button joinchat-button--qr-both has-border-color\" style=\"border-color:#25d366;border-style:solid;border-width:6px;border-radius:30px\"><figure><figcaption>Scan the code<\/figcaption><a class=\"joinchat-button__qr has-border-color\" style=\"border-color:#25d366;border-style:solid;border-width:6px;border-radius:30px\" href=\"#whatsapp\"><\/a><\/figure><a class=\"wp-block-button__link joinchat-button__link has-ffffff-color has-text-color has-background has-border-color\" style=\"border-color:#25d366;border-style:solid;border-width:6px;border-radius:30px;background-color:#25d366\" href=\"#whatsapp\"><span><strong>Open Chat<\/strong><\/span><\/a><\/div>\n","protected":false},"excerpt":{"rendered":"<p>Kontaktirajte nas Imate pitanja ili \u017eelite rezervirati svoj boravak u Apartmanu Lola? Slobodno nas kontaktirajte putem e-maila na lola@lola.com.hr ili nas nazovite na broj telefona +385 95 611 44 44. Tako\u0111er, mo\u017eete nas direktno kontaktirati putem chata preko WhatsAppa na na\u0161oj web stranici. Osim toga, dostupni smo i putem ostalih oblika komunikacije poput Vibera, Telegrama &hellip; <\/p>\n<p class=\"link-more\"><a href=\"https:\/\/www.lola.com.hr\/?page_id=11\" class=\"more-link\">Nastavi \u010ditati<span class=\"screen-reader-text\"> &#8220;Kontakt&#8221;<\/span><\/a><\/p>\n","protected":false},"author":1,"featured_media":0,"parent":0,"menu_order":0,"comment_status":"closed","ping_status":"closed","template":"","meta":{"_joinchat":[],"footnotes":""},"class_list":["post-11","page","type-page","status-publish","hentry"],"_links":{"self":[{"href":"https:\/\/www.lola.com.hr\/index.php?rest_route=\/wp\/v2\/pages\/11","targetHints":{"allow":["GET"]}}],"collection":[{"href":"https:\/\/www.lola.com.hr\/index.php?rest_route=\/wp\/v2\/pages"}],"about":[{"href":"https:\/\/www.lola.com.hr\/index.php?rest_route=\/wp\/v2\/types\/page"}],"author":[{"embeddable":true,"href":"https:\/\/www.lola.com.hr\/index.php?rest_route=\/wp\/v2\/users\/1"}],"replies":[{"embeddable":true,"href":"https:\/\/www.lola.com.hr\/index.php?rest_route=%2Fwp%2Fv2%2Fcomments&post=11"}],"version-history":[{"count":5,"href":"https:\/\/www.lola.com.hr\/index.php?rest_route=\/wp\/v2\/pages\/11\/revisions"}],"predecessor-version":[{"id":226,"href":"https:\/\/www.lola.com.hr\/index.php?rest_route=\/wp\/v2\/pages\/11\/revisions\/226"}],"wp:attachment":[{"href":"https:\/\/www.lola.com.hr\/index.php?rest_route=%2Fwp%2Fv2%2Fmedia&parent=11"}],"curies":[{"name":"wp","href":"https:\/\/api.w.org\/{rel}","templated":true}]}}